{"id":525,"date":"2025-10-21T14:46:34","date_gmt":"2025-10-21T14:46:34","guid":{"rendered":"https:\/\/emmanuellehusson.com\/?page_id=525"},"modified":"2026-01-17T08:47:57","modified_gmt":"2026-01-17T08:47:57","slug":"motion-video","status":"publish","type":"page","link":"https:\/\/emmanuellehusson.com\/index.php\/motion-video\/","title":{"rendered":"Motion"},"content":{"rendered":"\n<div class=\"wp-block-group alignwide is-layout-flow\" style=\"margin-top:0;margin-bottom:0;padding-top:var(--wp--preset--spacing--60);padding-bottom:var(--wp--preset--spacing--60)\">\n<div class=\"wp-block-columns alignwide is-layout-flex wp-container-4\" style=\"margin-top:0;margin-bottom:0;padding-top:0px;padding-right:0px;padding-bottom:0px;padding-left:0px\">\n<div class=\"wp-block-column is-layout-flow\" style=\"flex-basis:13%\"><\/div>\n\n\n\n<div class=\"wp-block-column is-layout-flow wp-container-2\">\n<figure class=\"wp-block-image aligncenter size-large lemmony-animation\" style=\"--lemmony-animation-name:lemmonyFadeInUp;animation-delay:var(--lemmony-delay-xsmall)\"><img decoding=\"async\" src=\"https:\/\/emmanuellehusson.com\/wp-content\/themes\/lemmony\/assets\/media\/content\/star.svg\" alt=\"\" class=\"wp-image-2969\"\/><\/figure>\n<\/div>\n\n\n\n<div class=\"wp-block-column is-layout-flow\" style=\"flex-basis:13%\"><\/div>\n<\/div>\n<\/div>\n\n\n\n<div class=\"wp-block-columns alignwide are-vertically-aligned-center is-layout-flex wp-container-8\" style=\"margin-top:0;margin-bottom:0;padding-top:var(--wp--preset--spacing--70);padding-bottom:var(--wp--preset--spacing--70)\">\n<div class=\"wp-block-column is-vertically-aligned-center is-layout-flow wp-container-6\">\n<h5 class=\"wp-block-heading has-small-font-size lemmony-animation\" style=\"font-style:normal;font-weight:600;line-height:1.6;--lemmony-animation-name:lemmonyFadeInUp\">2025<\/h5>\n\n\n\n<h2 class=\"wp-block-heading has-large-plus-font-size lemmony-animation\" style=\"margin-top:var(--wp--preset--spacing--10);line-height:1.3;--lemmony-animation-name:lemmonyFadeInUp\">Vid\u00e9o 3D r\u00e9alis\u00e9e sur Blender<\/h2>\n\n\n\n<p class=\"has-small-plus-font-size lemmony-animation\" style=\"--lemmony-animation-name:lemmonyFadeInUp\">Cond\u00e9<\/p>\n<\/div>\n\n\n\n<div class=\"wp-block-column is-vertically-aligned-center is-layout-flow\" style=\"flex-basis:50%\">\n<figure class=\"wp-block-video\"><video controls src=\"https:\/\/emmanuellehusson.com\/wp-content\/uploads\/2025\/10\/Emmanuelle.mp4\"><\/video><\/figure>\n<\/div>\n<\/div>\n\n\n\n<div class=\"wp-block-columns alignwide are-vertically-aligned-center is-layout-flex wp-container-11\" style=\"margin-top:0;margin-bottom:0;padding-top:var(--wp--preset--spacing--70);padding-bottom:var(--wp--preset--spacing--70)\">\n<div class=\"wp-block-column is-vertically-aligned-center is-layout-flow wp-container-9\">\n<h5 class=\"wp-block-heading has-small-font-size lemmony-animation\" style=\"font-style:normal;font-weight:600;line-height:1.6;--lemmony-animation-name:lemmonyFadeInUp\">2025<\/h5>\n\n\n\n<h2 class=\"wp-block-heading has-large-plus-font-size lemmony-animation\" style=\"margin-top:var(--wp--preset--spacing--10);line-height:1.3;--lemmony-animation-name:lemmonyFadeInUp\">Montage After Effect<\/h2>\n\n\n\n<p class=\"has-small-plus-font-size lemmony-animation\" style=\"--lemmony-animation-name:lemmonyFadeInUp\">Cond\u00e9<\/p>\n<\/div>\n\n\n\n<div class=\"wp-block-column is-vertically-aligned-center is-layout-flow\" style=\"flex-basis:50%\">\n<figure class=\"wp-block-video\"><video controls src=\"https:\/\/emmanuellehusson.com\/wp-content\/uploads\/2026\/01\/Things_RemiPretot-EmmanuelleHusson.mp4\"><\/video><\/figure>\n<\/div>\n<\/div>\n","protected":false},"excerpt":{"rendered":"<p>2025 Vid\u00e9o 3D r\u00e9alis\u00e9e sur Blender Cond\u00e9 2025 Montage After Effect Cond\u00e9<\/p>\n","protected":false},"author":1,"featured_media":0,"parent":0,"menu_order":0,"comment_status":"closed","ping_status":"closed","template":"","meta":[],"_links":{"self":[{"href":"https:\/\/emmanuellehusson.com\/index.php\/wp-json\/wp\/v2\/pages\/525"}],"collection":[{"href":"https:\/\/emmanuellehusson.com\/index.php\/wp-json\/wp\/v2\/pages"}],"about":[{"href":"https:\/\/emmanuellehusson.com\/index.php\/wp-json\/wp\/v2\/types\/page"}],"author":[{"embeddable":true,"href":"https:\/\/emmanuellehusson.com\/index.php\/wp-json\/wp\/v2\/users\/1"}],"replies":[{"embeddable":true,"href":"https:\/\/emmanuellehusson.com\/index.php\/wp-json\/wp\/v2\/comments?post=525"}],"version-history":[{"count":8,"href":"https:\/\/emmanuellehusson.com\/index.php\/wp-json\/wp\/v2\/pages\/525\/revisions"}],"predecessor-version":[{"id":573,"href":"https:\/\/emmanuellehusson.com\/index.php\/wp-json\/wp\/v2\/pages\/525\/revisions\/573"}],"wp:attachment":[{"href":"https:\/\/emmanuellehusson.com\/index.php\/wp-json\/wp\/v2\/media?parent=525"}],"curies":[{"name":"wp","href":"https:\/\/api.w.org\/{rel}","templated":true}]}}