{"id":435,"date":"2024-07-01T17:08:27","date_gmt":"2024-07-01T17:08:27","guid":{"rendered":"https:\/\/emmanuellehusson.com\/?page_id=435"},"modified":"2025-11-21T07:55:54","modified_gmt":"2025-11-21T07:55:54","slug":"dessins","status":"publish","type":"page","link":"https:\/\/emmanuellehusson.com\/index.php\/dessins\/","title":{"rendered":"Dessins"},"content":{"rendered":"\n<div class=\"wp-block-group alignwide is-layout-flow\" style=\"margin-top:0;margin-bottom:0;padding-top:var(--wp--preset--spacing--60);padding-bottom:var(--wp--preset--spacing--60)\">\n<div class=\"wp-block-columns alignwide is-layout-flex wp-container-4\" style=\"margin-top:0;margin-bottom:0;padding-top:0px;padding-right:0px;padding-bottom:0px;padding-left:0px\">\n<div class=\"wp-block-column is-layout-flow\" style=\"flex-basis:13%\"><\/div>\n\n\n\n<div class=\"wp-block-column is-layout-flow wp-container-2\">\n<figure class=\"wp-block-image aligncenter size-large lemmony-animation\" style=\"--lemmony-animation-name:lemmonyFadeInUp;animation-delay:var(--lemmony-delay-xsmall)\"><img decoding=\"async\" src=\"https:\/\/emmanuellehusson.com\/wp-content\/themes\/lemmony\/assets\/media\/content\/star.svg\" alt=\"\" class=\"wp-image-2969\"\/><\/figure>\n<\/div>\n\n\n\n<div class=\"wp-block-column is-layout-flow\" style=\"flex-basis:13%\"><\/div>\n<\/div>\n<\/div>\n\n\n\n<div class=\"wp-block-columns alignwide are-vertically-aligned-center is-layout-flex wp-container-8\" style=\"margin-top:0;margin-bottom:0;padding-top:var(--wp--preset--spacing--70);padding-bottom:var(--wp--preset--spacing--70)\">\n<div class=\"wp-block-column is-vertically-aligned-center is-layout-flow wp-container-6\">\n<h5 class=\"wp-block-heading has-small-font-size lemmony-animation\" style=\"font-style:normal;font-weight:600;line-height:1.6;--lemmony-animation-name:lemmonyFadeInUp\">2013<\/h5>\n\n\n\n<h2 class=\"wp-block-heading has-large-plus-font-size lemmony-animation\" style=\"margin-top:var(--wp--preset--spacing--10);line-height:1.3;--lemmony-animation-name:lemmonyFadeInUp\">Pince \u00e0 dessin<\/h2>\n\n\n\n<p class=\"has-small-plus-font-size lemmony-animation\" style=\"--lemmony-animation-name:lemmonyFadeInUp\">Cond\u00e9<\/p>\n<\/div>\n\n\n\n<div class=\"wp-block-column is-vertically-aligned-center is-layout-flow\" style=\"flex-basis:50%\">\n<figure class=\"wp-block-image size-large\"><img decoding=\"async\" loading=\"lazy\" width=\"1024\" height=\"724\" src=\"https:\/\/emmanuellehusson.com\/wp-content\/uploads\/2024\/07\/2013_Pince-1024x724.jpg\" alt=\"\" class=\"wp-image-439\" srcset=\"https:\/\/emmanuellehusson.com\/wp-content\/uploads\/2024\/07\/2013_Pince-1024x724.jpg 1024w, https:\/\/emmanuellehusson.com\/wp-content\/uploads\/2024\/07\/2013_Pince-300x212.jpg 300w, https:\/\/emmanuellehusson.com\/wp-content\/uploads\/2024\/07\/2013_Pince-768x543.jpg 768w, https:\/\/emmanuellehusson.com\/wp-content\/uploads\/2024\/07\/2013_Pince-1536x1086.jpg 1536w, https:\/\/emmanuellehusson.com\/wp-content\/uploads\/2024\/07\/2013_Pince-2048x1448.jpg 2048w\" sizes=\"(max-width: 1024px) 100vw, 1024px\" \/><\/figure>\n<\/div>\n<\/div>\n\n\n\n<div class=\"wp-block-columns alignwide are-vertically-aligned-center is-layout-flex wp-container-16\" style=\"margin-top:0;margin-bottom:0;padding-top:var(--wp--preset--spacing--70);padding-bottom:var(--wp--preset--spacing--70)\">\n<div class=\"wp-block-column is-vertically-aligned-center is-layout-flow\" style=\"padding-top:0;padding-right:0;padding-bottom:0;padding-left:0;flex-basis:50%\">\n<figure class=\"wp-block-image size-large\"><img decoding=\"async\" loading=\"lazy\" width=\"1024\" height=\"724\" src=\"https:\/\/emmanuellehusson.com\/wp-content\/uploads\/2024\/07\/2014_Tamagoshi-1024x724.jpg\" alt=\"\" class=\"wp-image-442\" srcset=\"https:\/\/emmanuellehusson.com\/wp-content\/uploads\/2024\/07\/2014_Tamagoshi-1024x724.jpg 1024w, https:\/\/emmanuellehusson.com\/wp-content\/uploads\/2024\/07\/2014_Tamagoshi-300x212.jpg 300w, https:\/\/emmanuellehusson.com\/wp-content\/uploads\/2024\/07\/2014_Tamagoshi-768x543.jpg 768w, https:\/\/emmanuellehusson.com\/wp-content\/uploads\/2024\/07\/2014_Tamagoshi-1536x1086.jpg 1536w, https:\/\/emmanuellehusson.com\/wp-content\/uploads\/2024\/07\/2014_Tamagoshi-2048x1448.jpg 2048w\" sizes=\"(max-width: 1024px) 100vw, 1024px\" \/><\/figure>\n<\/div>\n\n\n\n<div class=\"wp-block-column is-vertically-aligned-center is-layout-flow\">\n<div class=\"wp-block-columns is-layout-flex wp-container-14\">\n<div class=\"wp-block-column is-layout-flow wp-container-13\">\n<h5 class=\"wp-block-heading has-small-font-size\" style=\"font-style:normal;font-weight:600;line-height:1.6\">2013<\/h5>\n\n\n\n<h2 class=\"wp-block-heading has-large-plus-font-size lemmony-animation\" style=\"margin-top:var(--wp--preset--spacing--10);line-height:1.3;--lemmony-animation-name:lemmonyFadeInUp\">Tamagotchi<\/h2>\n\n\n\n<div class=\"wp-block-group has-global-padding is-layout-constrained wp-container-12\">\n<div class=\"wp-block-columns are-vertically-aligned-center is-not-stacked-on-mobile is-layout-flex wp-container-11\">\n<div class=\"wp-block-column is-layout-flow\">\n<p>Cond\u00e9<\/p>\n<\/div>\n<\/div>\n<\/div>\n<\/div>\n<\/div>\n<\/div>\n<\/div>\n\n\n\n<div class=\"wp-block-columns alignwide are-vertically-aligned-center is-layout-flex wp-container-19\" style=\"margin-top:0;margin-bottom:0;padding-top:var(--wp--preset--spacing--70);padding-bottom:var(--wp--preset--spacing--70)\">\n<div class=\"wp-block-column is-vertically-aligned-center is-layout-flow wp-container-17\">\n<h5 class=\"wp-block-heading has-small-font-size lemmony-animation\" style=\"font-style:normal;font-weight:600;line-height:1.6;--lemmony-animation-name:lemmonyFadeInUp\">2013<\/h5>\n\n\n\n<h2 class=\"wp-block-heading has-large-plus-font-size lemmony-animation\" style=\"margin-top:var(--wp--preset--spacing--10);line-height:1.3;--lemmony-animation-name:lemmonyFadeInUp\">Branche<\/h2>\n\n\n\n<p class=\"has-small-plus-font-size lemmony-animation\" style=\"--lemmony-animation-name:lemmonyFadeInUp\">Cond\u00e9<\/p>\n<\/div>\n\n\n\n<div class=\"wp-block-column is-vertically-aligned-center is-layout-flow\" style=\"flex-basis:50%\">\n<figure class=\"wp-block-image size-large\"><img decoding=\"async\" loading=\"lazy\" width=\"1024\" height=\"724\" src=\"https:\/\/emmanuellehusson.com\/wp-content\/uploads\/2024\/07\/2014_Branche-1024x724.jpg\" alt=\"\" class=\"wp-image-449\" srcset=\"https:\/\/emmanuellehusson.com\/wp-content\/uploads\/2024\/07\/2014_Branche-1024x724.jpg 1024w, https:\/\/emmanuellehusson.com\/wp-content\/uploads\/2024\/07\/2014_Branche-300x212.jpg 300w, https:\/\/emmanuellehusson.com\/wp-content\/uploads\/2024\/07\/2014_Branche-768x543.jpg 768w, https:\/\/emmanuellehusson.com\/wp-content\/uploads\/2024\/07\/2014_Branche-1536x1086.jpg 1536w, https:\/\/emmanuellehusson.com\/wp-content\/uploads\/2024\/07\/2014_Branche-2048x1448.jpg 2048w\" sizes=\"(max-width: 1024px) 100vw, 1024px\" \/><\/figure>\n<\/div>\n<\/div>\n\n\n\n<div class=\"wp-block-columns alignwide are-vertically-aligned-center is-layout-flex wp-container-27\" style=\"margin-top:0;margin-bottom:0;padding-top:var(--wp--preset--spacing--70);padding-bottom:var(--wp--preset--spacing--70)\">\n<div class=\"wp-block-column is-vertically-aligned-center is-layout-flow\" style=\"padding-top:0;padding-right:0;padding-bottom:0;padding-left:0;flex-basis:50%\">\n<figure class=\"wp-block-image size-full\"><img decoding=\"async\" loading=\"lazy\" width=\"500\" height=\"300\" src=\"https:\/\/emmanuellehusson.com\/wp-content\/uploads\/2024\/07\/2014_Patisserie.jpg\" alt=\"\" class=\"wp-image-453\" srcset=\"https:\/\/emmanuellehusson.com\/wp-content\/uploads\/2024\/07\/2014_Patisserie.jpg 500w, https:\/\/emmanuellehusson.com\/wp-content\/uploads\/2024\/07\/2014_Patisserie-300x180.jpg 300w\" sizes=\"(max-width: 500px) 100vw, 500px\" \/><\/figure>\n<\/div>\n\n\n\n<div class=\"wp-block-column is-vertically-aligned-center is-layout-flow\">\n<div class=\"wp-block-columns is-layout-flex wp-container-25\">\n<div class=\"wp-block-column is-layout-flow wp-container-24\">\n<h5 class=\"wp-block-heading has-small-font-size\" style=\"font-style:normal;font-weight:600;line-height:1.6\">2013<\/h5>\n\n\n\n<h2 class=\"wp-block-heading has-large-plus-font-size lemmony-animation\" style=\"margin-top:var(--wp--preset--spacing--10);line-height:1.3;--lemmony-animation-name:lemmonyFadeInUp\">Tartelette aux fraises<\/h2>\n\n\n\n<div class=\"wp-block-group has-global-padding is-layout-constrained wp-container-23\">\n<div class=\"wp-block-columns are-vertically-aligned-center is-not-stacked-on-mobile is-layout-flex wp-container-22\">\n<div class=\"wp-block-column is-layout-flow\">\n<p>Cond\u00e9<\/p>\n<\/div>\n<\/div>\n<\/div>\n<\/div>\n<\/div>\n<\/div>\n<\/div>\n\n\n\n<div class=\"wp-block-columns alignwide are-vertically-aligned-center is-layout-flex wp-container-30\" style=\"margin-top:0;margin-bottom:0;padding-top:var(--wp--preset--spacing--70);padding-bottom:var(--wp--preset--spacing--70)\">\n<div class=\"wp-block-column is-vertically-aligned-center is-layout-flow wp-container-28\">\n<h5 class=\"wp-block-heading has-small-font-size lemmony-animation\" style=\"font-style:normal;font-weight:600;line-height:1.6;--lemmony-animation-name:lemmonyFadeInUp\">2024<\/h5>\n\n\n\n<h2 class=\"wp-block-heading has-large-plus-font-size lemmony-animation\" style=\"margin-top:var(--wp--preset--spacing--10);line-height:1.3;--lemmony-animation-name:lemmonyFadeInUp\">Corse<\/h2>\n\n\n\n<p class=\"has-small-plus-font-size lemmony-animation\" style=\"--lemmony-animation-name:lemmonyFadeInUp\">Projet personnel<\/p>\n\n\n\n<p><\/p>\n<\/div>\n\n\n\n<div class=\"wp-block-column is-vertically-aligned-center is-layout-flow\" style=\"flex-basis:50%\">\n<figure class=\"wp-block-image size-large\"><img decoding=\"async\" loading=\"lazy\" width=\"1024\" height=\"768\" src=\"https:\/\/emmanuellehusson.com\/wp-content\/uploads\/2024\/09\/IMG_2776-1024x768.png\" alt=\"\" class=\"wp-image-474\" srcset=\"https:\/\/emmanuellehusson.com\/wp-content\/uploads\/2024\/09\/IMG_2776-1024x768.png 1024w, https:\/\/emmanuellehusson.com\/wp-content\/uploads\/2024\/09\/IMG_2776-300x225.png 300w, https:\/\/emmanuellehusson.com\/wp-content\/uploads\/2024\/09\/IMG_2776-768x576.png 768w, https:\/\/emmanuellehusson.com\/wp-content\/uploads\/2024\/09\/IMG_2776-1536x1152.png 1536w, https:\/\/emmanuellehusson.com\/wp-content\/uploads\/2024\/09\/IMG_2776-2048x1536.png 2048w\" sizes=\"(max-width: 1024px) 100vw, 1024px\" \/><\/figure>\n<\/div>\n<\/div>\n\n\n\n<div class=\"wp-block-columns alignwide are-vertically-aligned-center is-layout-flex wp-container-38\" style=\"margin-top:0;margin-bottom:0;padding-top:var(--wp--preset--spacing--70);padding-bottom:var(--wp--preset--spacing--70)\">\n<div class=\"wp-block-column is-vertically-aligned-center is-layout-flow\" style=\"padding-top:0;padding-right:0;padding-bottom:0;padding-left:0;flex-basis:50%\">\n<figure class=\"wp-block-image size-large\"><img decoding=\"async\" loading=\"lazy\" width=\"724\" height=\"1024\" src=\"https:\/\/emmanuellehusson.com\/wp-content\/uploads\/2024\/09\/2015_Peacock-724x1024.jpg\" alt=\"\" class=\"wp-image-483\" srcset=\"https:\/\/emmanuellehusson.com\/wp-content\/uploads\/2024\/09\/2015_Peacock-724x1024.jpg 724w, https:\/\/emmanuellehusson.com\/wp-content\/uploads\/2024\/09\/2015_Peacock-212x300.jpg 212w, https:\/\/emmanuellehusson.com\/wp-content\/uploads\/2024\/09\/2015_Peacock-768x1086.jpg 768w, https:\/\/emmanuellehusson.com\/wp-content\/uploads\/2024\/09\/2015_Peacock-1086x1536.jpg 1086w, https:\/\/emmanuellehusson.com\/wp-content\/uploads\/2024\/09\/2015_Peacock-1448x2048.jpg 1448w, https:\/\/emmanuellehusson.com\/wp-content\/uploads\/2024\/09\/2015_Peacock-scaled.jpg 1810w\" sizes=\"(max-width: 724px) 100vw, 724px\" \/><\/figure>\n<\/div>\n\n\n\n<div class=\"wp-block-column is-vertically-aligned-center is-layout-flow\">\n<div class=\"wp-block-columns is-layout-flex wp-container-36\">\n<div class=\"wp-block-column is-layout-flow wp-container-35\">\n<h5 class=\"wp-block-heading has-small-font-size\" style=\"font-style:normal;font-weight:600;line-height:1.6\">2015<\/h5>\n\n\n\n<h2 class=\"wp-block-heading has-large-plus-font-size lemmony-animation\" style=\"margin-top:var(--wp--preset--spacing--10);line-height:1.3;--lemmony-animation-name:lemmonyFadeInUp\">Peacock society<\/h2>\n\n\n\n<div class=\"wp-block-group has-global-padding is-layout-constrained wp-container-34\">\n<div class=\"wp-block-columns are-vertically-aligned-center is-not-stacked-on-mobile is-layout-flex wp-container-33\">\n<div class=\"wp-block-column is-layout-flow\">\n<p>Projet festival<\/p>\n<\/div>\n<\/div>\n<\/div>\n<\/div>\n<\/div>\n<\/div>\n<\/div>\n\n\n\n<div class=\"wp-block-columns alignwide are-vertically-aligned-center is-layout-flex wp-container-41\" style=\"margin-top:0;margin-bottom:0;padding-top:var(--wp--preset--spacing--70);padding-bottom:var(--wp--preset--spacing--70)\">\n<div class=\"wp-block-column is-vertically-aligned-center is-layout-flow wp-container-39\">\n<h5 class=\"wp-block-heading has-small-font-size lemmony-animation\" style=\"font-style:normal;font-weight:600;line-height:1.6;--lemmony-animation-name:lemmonyFadeInUp\">2016<\/h5>\n\n\n\n<h2 class=\"wp-block-heading has-large-plus-font-size lemmony-animation\" style=\"margin-top:var(--wp--preset--spacing--10);line-height:1.3;--lemmony-animation-name:lemmonyFadeInUp\">Rose<\/h2>\n\n\n\n<p class=\"has-small-plus-font-size lemmony-animation\" style=\"--lemmony-animation-name:lemmonyFadeInUp\">Projet personnel<\/p>\n\n\n\n<p><\/p>\n<\/div>\n\n\n\n<div class=\"wp-block-column is-vertically-aligned-center is-layout-flow\" style=\"flex-basis:50%\">\n<figure class=\"wp-block-image size-large\"><img decoding=\"async\" loading=\"lazy\" width=\"1024\" height=\"765\" src=\"https:\/\/emmanuellehusson.com\/wp-content\/uploads\/2024\/09\/2016_rose-1024x765.png\" alt=\"\" class=\"wp-image-487\" srcset=\"https:\/\/emmanuellehusson.com\/wp-content\/uploads\/2024\/09\/2016_rose-1024x765.png 1024w, https:\/\/emmanuellehusson.com\/wp-content\/uploads\/2024\/09\/2016_rose-300x224.png 300w, https:\/\/emmanuellehusson.com\/wp-content\/uploads\/2024\/09\/2016_rose-768x574.png 768w, https:\/\/emmanuellehusson.com\/wp-content\/uploads\/2024\/09\/2016_rose-1536x1148.png 1536w, https:\/\/emmanuellehusson.com\/wp-content\/uploads\/2024\/09\/2016_rose-2048x1530.png 2048w\" sizes=\"(max-width: 1024px) 100vw, 1024px\" \/><\/figure>\n<\/div>\n<\/div>\n\n\n\n<div class=\"wp-block-columns alignwide are-vertically-aligned-center is-layout-flex wp-container-49\" style=\"margin-top:0;margin-bottom:0;padding-top:var(--wp--preset--spacing--70);padding-bottom:var(--wp--preset--spacing--70)\">\n<div class=\"wp-block-column is-vertically-aligned-center is-layout-flow\" style=\"padding-top:0;padding-right:0;padding-bottom:0;padding-left:0;flex-basis:50%\">\n<figure class=\"wp-block-image size-large\"><img decoding=\"async\" loading=\"lazy\" width=\"1024\" height=\"768\" src=\"https:\/\/emmanuellehusson.com\/wp-content\/uploads\/2025\/06\/Affaire_des_poisons-1-1024x768.png\" alt=\"\" class=\"wp-image-500\" srcset=\"https:\/\/emmanuellehusson.com\/wp-content\/uploads\/2025\/06\/Affaire_des_poisons-1-1024x768.png 1024w, https:\/\/emmanuellehusson.com\/wp-content\/uploads\/2025\/06\/Affaire_des_poisons-1-300x225.png 300w, https:\/\/emmanuellehusson.com\/wp-content\/uploads\/2025\/06\/Affaire_des_poisons-1-768x576.png 768w, https:\/\/emmanuellehusson.com\/wp-content\/uploads\/2025\/06\/Affaire_des_poisons-1-1536x1152.png 1536w, https:\/\/emmanuellehusson.com\/wp-content\/uploads\/2025\/06\/Affaire_des_poisons-1-2048x1536.png 2048w\" sizes=\"(max-width: 1024px) 100vw, 1024px\" \/><\/figure>\n<\/div>\n\n\n\n<div class=\"wp-block-column is-vertically-aligned-center is-layout-flow\">\n<div class=\"wp-block-columns is-layout-flex wp-container-47\">\n<div class=\"wp-block-column is-layout-flow wp-container-46\">\n<h5 class=\"wp-block-heading has-small-font-size\" style=\"font-style:normal;font-weight:600;line-height:1.6\">2025<\/h5>\n\n\n\n<h2 class=\"wp-block-heading has-large-plus-font-size lemmony-animation\" style=\"margin-top:var(--wp--preset--spacing--10);line-height:1.3;--lemmony-animation-name:lemmonyFadeInUp\">Affaire des poisons<\/h2>\n\n\n\n<div class=\"wp-block-group has-global-padding is-layout-constrained wp-container-45\">\n<div class=\"wp-block-columns are-vertically-aligned-center is-not-stacked-on-mobile is-layout-flex wp-container-44\">\n<div class=\"wp-block-column is-layout-flow\">\n<p>Mysteries Hunt<\/p>\n<\/div>\n<\/div>\n<\/div>\n<\/div>\n<\/div>\n<\/div>\n<\/div>\n\n\n\n<div class=\"wp-block-columns alignwide are-vertically-aligned-center is-layout-flex wp-container-52\" style=\"margin-top:0;margin-bottom:0;padding-top:var(--wp--preset--spacing--70);padding-bottom:var(--wp--preset--spacing--70)\">\n<div class=\"wp-block-column is-vertically-aligned-center is-layout-flow wp-container-50\">\n<h5 class=\"wp-block-heading has-small-font-size lemmony-animation\" style=\"font-style:normal;font-weight:600;line-height:1.6;--lemmony-animation-name:lemmonyFadeInUp\">2025<\/h5>\n\n\n\n<h2 class=\"wp-block-heading has-large-plus-font-size lemmony-animation\" style=\"margin-top:var(--wp--preset--spacing--10);line-height:1.3;--lemmony-animation-name:lemmonyFadeInUp\">\u00c9nigme Versailles Ville<\/h2>\n\n\n\n<p class=\"has-small-plus-font-size lemmony-animation\" style=\"--lemmony-animation-name:lemmonyFadeInUp\">Mysteries Hunt<\/p>\n\n\n\n<p><\/p>\n<\/div>\n\n\n\n<div class=\"wp-block-column is-vertically-aligned-center is-layout-flow\" style=\"flex-basis:50%\">\n<figure class=\"wp-block-image size-large\"><img decoding=\"async\" loading=\"lazy\" width=\"1024\" height=\"553\" src=\"https:\/\/emmanuellehusson.com\/wp-content\/uploads\/2025\/06\/Batiment_MH-1-1024x553.png\" alt=\"\" class=\"wp-image-506\" srcset=\"https:\/\/emmanuellehusson.com\/wp-content\/uploads\/2025\/06\/Batiment_MH-1-1024x553.png 1024w, https:\/\/emmanuellehusson.com\/wp-content\/uploads\/2025\/06\/Batiment_MH-1-300x162.png 300w, https:\/\/emmanuellehusson.com\/wp-content\/uploads\/2025\/06\/Batiment_MH-1-768x415.png 768w, https:\/\/emmanuellehusson.com\/wp-content\/uploads\/2025\/06\/Batiment_MH-1-1536x830.png 1536w, https:\/\/emmanuellehusson.com\/wp-content\/uploads\/2025\/06\/Batiment_MH-1-2048x1107.png 2048w\" sizes=\"(max-width: 1024px) 100vw, 1024px\" \/><\/figure>\n<\/div>\n<\/div>\n\n\n\n<div class=\"wp-block-columns alignwide are-vertically-aligned-center is-layout-flex wp-container-60\" style=\"margin-top:0;margin-bottom:0;padding-top:var(--wp--preset--spacing--70);padding-bottom:var(--wp--preset--spacing--70)\">\n<div class=\"wp-block-column is-vertically-aligned-center is-layout-flow\" style=\"padding-top:0;padding-right:0;padding-bottom:0;padding-left:0;flex-basis:50%\">\n<figure class=\"wp-block-image size-large\"><img decoding=\"async\" loading=\"lazy\" width=\"724\" height=\"1024\" src=\"https:\/\/emmanuellehusson.com\/wp-content\/uploads\/2025\/10\/Mythologie-724x1024.png\" alt=\"\" class=\"wp-image-537\" srcset=\"https:\/\/emmanuellehusson.com\/wp-content\/uploads\/2025\/10\/Mythologie-724x1024.png 724w, https:\/\/emmanuellehusson.com\/wp-content\/uploads\/2025\/10\/Mythologie-212x300.png 212w, https:\/\/emmanuellehusson.com\/wp-content\/uploads\/2025\/10\/Mythologie-768x1086.png 768w, https:\/\/emmanuellehusson.com\/wp-content\/uploads\/2025\/10\/Mythologie-1086x1536.png 1086w, https:\/\/emmanuellehusson.com\/wp-content\/uploads\/2025\/10\/Mythologie-1448x2048.png 1448w\" sizes=\"(max-width: 724px) 100vw, 724px\" \/><\/figure>\n<\/div>\n\n\n\n<div class=\"wp-block-column is-vertically-aligned-center is-layout-flow\">\n<div class=\"wp-block-columns is-layout-flex wp-container-58\">\n<div class=\"wp-block-column is-layout-flow wp-container-57\">\n<h5 class=\"wp-block-heading has-small-font-size\" style=\"font-style:normal;font-weight:600;line-height:1.6\">2025<\/h5>\n\n\n\n<h2 class=\"wp-block-heading has-large-plus-font-size lemmony-animation\" style=\"margin-top:var(--wp--preset--spacing--10);line-height:1.3;--lemmony-animation-name:lemmonyFadeInUp\">Mythologie<\/h2>\n\n\n\n<div class=\"wp-block-group has-global-padding is-layout-constrained wp-container-56\">\n<div class=\"wp-block-columns are-vertically-aligned-center is-not-stacked-on-mobile is-layout-flex wp-container-55\">\n<div class=\"wp-block-column is-layout-flow\">\n<p>Mysteries Hunt<\/p>\n<\/div>\n<\/div>\n<\/div>\n<\/div>\n<\/div>\n<\/div>\n<\/div>\n\n\n\n<div class=\"wp-block-columns alignwide are-vertically-aligned-center is-layout-flex wp-container-63\" style=\"margin-top:0;margin-bottom:0;padding-top:var(--wp--preset--spacing--70);padding-bottom:var(--wp--preset--spacing--70)\">\n<div class=\"wp-block-column is-vertically-aligned-center is-layout-flow wp-container-61\">\n<h5 class=\"wp-block-heading has-small-font-size lemmony-animation\" style=\"font-style:normal;font-weight:600;line-height:1.6;--lemmony-animation-name:lemmonyFadeInUp\">2025<\/h5>\n\n\n\n<h2 class=\"wp-block-heading has-large-plus-font-size lemmony-animation\" style=\"margin-top:var(--wp--preset--spacing--10);line-height:1.3;--lemmony-animation-name:lemmonyFadeInUp\">Affiche jeu Versailles<\/h2>\n\n\n\n<p class=\"has-small-plus-font-size lemmony-animation\" style=\"--lemmony-animation-name:lemmonyFadeInUp\">Mysteries Hunt<\/p>\n\n\n\n<p><\/p>\n<\/div>\n\n\n\n<div class=\"wp-block-column is-vertically-aligned-center is-layout-flow\" style=\"flex-basis:50%\">\n<figure class=\"wp-block-image size-large\"><img decoding=\"async\" loading=\"lazy\" width=\"724\" height=\"1024\" src=\"https:\/\/emmanuellehusson.com\/wp-content\/uploads\/2025\/11\/MH-724x1024.png\" alt=\"\" class=\"wp-image-541\" srcset=\"https:\/\/emmanuellehusson.com\/wp-content\/uploads\/2025\/11\/MH-724x1024.png 724w, https:\/\/emmanuellehusson.com\/wp-content\/uploads\/2025\/11\/MH-212x300.png 212w, https:\/\/emmanuellehusson.com\/wp-content\/uploads\/2025\/11\/MH-768x1086.png 768w, https:\/\/emmanuellehusson.com\/wp-content\/uploads\/2025\/11\/MH-1086x1536.png 1086w, https:\/\/emmanuellehusson.com\/wp-content\/uploads\/2025\/11\/MH.png 1414w\" sizes=\"(max-width: 724px) 100vw, 724px\" \/><\/figure>\n<\/div>\n<\/div>\n","protected":false},"excerpt":{"rendered":"<p>2013 Pince \u00e0 dessin Cond\u00e9 2013 Tamagotchi Cond\u00e9 2013 Branche Cond\u00e9 2013 Tartelette aux fraises Cond\u00e9 2024 Corse Projet personnel 2015 Peacock society Projet festival 2016 Rose Projet personnel 2025 Affaire des poisons Mysteries Hunt 2025 \u00c9nigme Versailles Ville Mysteries Hunt 2025 Mythologie Mysteries Hunt 2025 Affiche jeu Versailles Mysteries Hunt<\/p>\n","protected":false},"author":1,"featured_media":0,"parent":0,"menu_order":0,"comment_status":"closed","ping_status":"closed","template":"","meta":[],"_links":{"self":[{"href":"https:\/\/emmanuellehusson.com\/index.php\/wp-json\/wp\/v2\/pages\/435"}],"collection":[{"href":"https:\/\/emmanuellehusson.com\/index.php\/wp-json\/wp\/v2\/pages"}],"about":[{"href":"https:\/\/emmanuellehusson.com\/index.php\/wp-json\/wp\/v2\/types\/page"}],"author":[{"embeddable":true,"href":"https:\/\/emmanuellehusson.com\/index.php\/wp-json\/wp\/v2\/users\/1"}],"replies":[{"embeddable":true,"href":"https:\/\/emmanuellehusson.com\/index.php\/wp-json\/wp\/v2\/comments?post=435"}],"version-history":[{"count":14,"href":"https:\/\/emmanuellehusson.com\/index.php\/wp-json\/wp\/v2\/pages\/435\/revisions"}],"predecessor-version":[{"id":543,"href":"https:\/\/emmanuellehusson.com\/index.php\/wp-json\/wp\/v2\/pages\/435\/revisions\/543"}],"wp:attachment":[{"href":"https:\/\/emmanuellehusson.com\/index.php\/wp-json\/wp\/v2\/media?parent=435"}],"curies":[{"name":"wp","href":"https:\/\/api.w.org\/{rel}","templated":true}]}}