{"id":138,"date":"2023-07-12T13:25:14","date_gmt":"2023-07-12T13:25:14","guid":{"rendered":"https:\/\/emmanuellehusson.com\/?page_id=138"},"modified":"2023-08-17T17:54:42","modified_gmt":"2023-08-17T17:54:42","slug":"ui","status":"publish","type":"page","link":"https:\/\/emmanuellehusson.com\/index.php\/ui\/","title":{"rendered":"UI"},"content":{"rendered":"\n<div class=\"wp-block-group alignwide is-layout-flow\" style=\"margin-top:0;margin-bottom:0;padding-top:var(--wp--preset--spacing--60);padding-bottom:var(--wp--preset--spacing--60)\">\n<div class=\"wp-block-columns alignwide is-layout-flex wp-container-4\" style=\"margin-top:0;margin-bottom:0;padding-top:0px;padding-right:0px;padding-bottom:0px;padding-left:0px\">\n<div class=\"wp-block-column is-layout-flow\" style=\"flex-basis:13%\"><\/div>\n\n\n\n<div class=\"wp-block-column is-layout-flow wp-container-2\">\n<figure class=\"wp-block-image aligncenter size-large lemmony-animation\" style=\"--lemmony-animation-name:lemmonyFadeInUp;animation-delay:var(--lemmony-delay-xsmall)\"><img decoding=\"async\" src=\"https:\/\/emmanuellehusson.com\/wp-content\/themes\/lemmony\/assets\/media\/content\/star.svg\" alt=\"\" class=\"wp-image-2969\"\/><\/figure>\n<\/div>\n\n\n\n<div class=\"wp-block-column is-layout-flow\" style=\"flex-basis:13%\"><\/div>\n<\/div>\n<\/div>\n\n\n\n<div class=\"wp-block-columns alignwide are-vertically-aligned-center is-layout-flex wp-container-8\" style=\"margin-top:0;margin-bottom:0;padding-top:var(--wp--preset--spacing--70);padding-bottom:var(--wp--preset--spacing--70)\">\n<div class=\"wp-block-column is-vertically-aligned-center is-layout-flow wp-container-6\">\n<h5 class=\"wp-block-heading has-small-font-size lemmony-animation\" style=\"font-style:normal;font-weight:600;line-height:1.6;--lemmony-animation-name:lemmonyFadeInUp\">2017<\/h5>\n\n\n\n<h2 class=\"wp-block-heading has-large-plus-font-size lemmony-animation\" style=\"margin-top:var(--wp--preset--spacing--10);line-height:1.3;--lemmony-animation-name:lemmonyFadeInUp\">Douceur Th\u00e9<\/h2>\n\n\n\n<p class=\"has-small-plus-font-size lemmony-animation\" style=\"--lemmony-animation-name:lemmonyFadeInUp\">DIX<\/p>\n<\/div>\n\n\n\n<div class=\"wp-block-column is-vertically-aligned-center is-layout-flow\" style=\"flex-basis:50%\">\n<figure class=\"wp-block-image size-large\"><img decoding=\"async\" loading=\"lazy\" width=\"1024\" height=\"727\" src=\"https:\/\/emmanuellehusson.com\/wp-content\/uploads\/2023\/08\/image-1-1024x727.png\" alt=\"\" class=\"wp-image-335\" srcset=\"https:\/\/emmanuellehusson.com\/wp-content\/uploads\/2023\/08\/image-1-1024x727.png 1024w, https:\/\/emmanuellehusson.com\/wp-content\/uploads\/2023\/08\/image-1-300x213.png 300w, https:\/\/emmanuellehusson.com\/wp-content\/uploads\/2023\/08\/image-1-768x546.png 768w, https:\/\/emmanuellehusson.com\/wp-content\/uploads\/2023\/08\/image-1.png 1440w\" sizes=\"(max-width: 1024px) 100vw, 1024px\" \/><\/figure>\n<\/div>\n<\/div>\n\n\n\n<div class=\"wp-block-columns alignwide are-vertically-aligned-center is-layout-flex wp-container-16\" style=\"margin-top:0;margin-bottom:0;padding-top:var(--wp--preset--spacing--70);padding-bottom:var(--wp--preset--spacing--70)\">\n<div class=\"wp-block-column is-vertically-aligned-center is-layout-flow\" style=\"padding-top:0;padding-right:0;padding-bottom:0;padding-left:0;flex-basis:50%\">\n<figure class=\"wp-block-image size-large\"><img decoding=\"async\" loading=\"lazy\" width=\"1024\" height=\"709\" src=\"https:\/\/emmanuellehusson.com\/wp-content\/uploads\/2023\/07\/image-13-1024x709.png\" alt=\"\" class=\"wp-image-149\" srcset=\"https:\/\/emmanuellehusson.com\/wp-content\/uploads\/2023\/07\/image-13-1024x709.png 1024w, https:\/\/emmanuellehusson.com\/wp-content\/uploads\/2023\/07\/image-13-300x208.png 300w, https:\/\/emmanuellehusson.com\/wp-content\/uploads\/2023\/07\/image-13-768x532.png 768w, https:\/\/emmanuellehusson.com\/wp-content\/uploads\/2023\/07\/image-13-1536x1063.png 1536w, https:\/\/emmanuellehusson.com\/wp-content\/uploads\/2023\/07\/image-13.png 1858w\" sizes=\"(max-width: 1024px) 100vw, 1024px\" \/><\/figure>\n<\/div>\n\n\n\n<div class=\"wp-block-column is-vertically-aligned-center is-layout-flow\">\n<div class=\"wp-block-columns is-layout-flex wp-container-14\">\n<div class=\"wp-block-column is-layout-flow wp-container-13\">\n<h5 class=\"wp-block-heading has-small-font-size\" style=\"font-style:normal;font-weight:600;line-height:1.6\">2019<\/h5>\n\n\n\n<h2 class=\"wp-block-heading has-large-plus-font-size lemmony-animation\" style=\"margin-top:var(--wp--preset--spacing--10);line-height:1.3;--lemmony-animation-name:lemmonyFadeInUp\">Dashboard London<\/h2>\n\n\n\n<div class=\"wp-block-group has-global-padding is-layout-constrained wp-container-12\">\n<div class=\"wp-block-columns are-vertically-aligned-center is-not-stacked-on-mobile is-layout-flex wp-container-11\">\n<div class=\"wp-block-column is-layout-flow\">\n<p>ESD<\/p>\n<\/div>\n<\/div>\n<\/div>\n<\/div>\n<\/div>\n<\/div>\n<\/div>\n\n\n\n<div class=\"wp-block-columns alignwide are-vertically-aligned-center is-layout-flex wp-container-19\" style=\"margin-top:0;margin-bottom:0;padding-top:var(--wp--preset--spacing--70);padding-bottom:var(--wp--preset--spacing--70)\">\n<div class=\"wp-block-column is-vertically-aligned-center is-layout-flow wp-container-17\">\n<h5 class=\"wp-block-heading has-small-font-size lemmony-animation\" style=\"font-style:normal;font-weight:600;line-height:1.6;--lemmony-animation-name:lemmonyFadeInUp\">2023<\/h5>\n\n\n\n<h2 class=\"wp-block-heading has-large-plus-font-size lemmony-animation\" style=\"margin-top:var(--wp--preset--spacing--10);line-height:1.3;--lemmony-animation-name:lemmonyFadeInUp\">Overview<\/h2>\n\n\n\n<p class=\"has-small-plus-font-size lemmony-animation\" style=\"--lemmony-animation-name:lemmonyFadeInUp\">Livre Blanc ECV<\/p>\n<\/div>\n\n\n\n<div class=\"wp-block-column is-vertically-aligned-center is-layout-flow\" style=\"flex-basis:50%\">\n<figure class=\"wp-block-image size-large\"><img decoding=\"async\" loading=\"lazy\" width=\"1024\" height=\"834\" src=\"https:\/\/emmanuellehusson.com\/wp-content\/uploads\/2023\/07\/image-14-1024x834.png\" alt=\"\" class=\"wp-image-150\" srcset=\"https:\/\/emmanuellehusson.com\/wp-content\/uploads\/2023\/07\/image-14-1024x834.png 1024w, https:\/\/emmanuellehusson.com\/wp-content\/uploads\/2023\/07\/image-14-300x244.png 300w, https:\/\/emmanuellehusson.com\/wp-content\/uploads\/2023\/07\/image-14-768x625.png 768w, https:\/\/emmanuellehusson.com\/wp-content\/uploads\/2023\/07\/image-14-1536x1251.png 1536w, https:\/\/emmanuellehusson.com\/wp-content\/uploads\/2023\/07\/image-14.png 1793w\" sizes=\"(max-width: 1024px) 100vw, 1024px\" \/><\/figure>\n<\/div>\n<\/div>\n\n\n\n<div class=\"wp-block-columns alignwide are-vertically-aligned-center is-layout-flex wp-container-27\" style=\"margin-top:0;margin-bottom:0;padding-top:var(--wp--preset--spacing--70);padding-bottom:var(--wp--preset--spacing--70)\">\n<div class=\"wp-block-column is-vertically-aligned-center is-layout-flow\" style=\"padding-top:0;padding-right:0;padding-bottom:0;padding-left:0;flex-basis:50%\">\n<figure class=\"wp-block-image size-large\"><img decoding=\"async\" loading=\"lazy\" width=\"1024\" height=\"999\" src=\"https:\/\/emmanuellehusson.com\/wp-content\/uploads\/2023\/07\/image-15-1024x999.png\" alt=\"\" class=\"wp-image-151\" srcset=\"https:\/\/emmanuellehusson.com\/wp-content\/uploads\/2023\/07\/image-15-1024x999.png 1024w, https:\/\/emmanuellehusson.com\/wp-content\/uploads\/2023\/07\/image-15-300x293.png 300w, https:\/\/emmanuellehusson.com\/wp-content\/uploads\/2023\/07\/image-15-768x750.png 768w, https:\/\/emmanuellehusson.com\/wp-content\/uploads\/2023\/07\/image-15-1536x1499.png 1536w, https:\/\/emmanuellehusson.com\/wp-content\/uploads\/2023\/07\/image-15.png 1754w\" sizes=\"(max-width: 1024px) 100vw, 1024px\" \/><\/figure>\n<\/div>\n\n\n\n<div class=\"wp-block-column is-vertically-aligned-center is-layout-flow\">\n<div class=\"wp-block-columns is-layout-flex wp-container-25\">\n<div class=\"wp-block-column is-layout-flow wp-container-24\">\n<h5 class=\"wp-block-heading has-small-font-size\" style=\"font-style:normal;font-weight:600;line-height:1.6\">2023<\/h5>\n\n\n\n<h2 class=\"wp-block-heading has-large-plus-font-size lemmony-animation\" style=\"margin-top:var(--wp--preset--spacing--10);line-height:1.3;--lemmony-animation-name:lemmonyFadeInUp\">Exercice Auto-Layout, Composants, Palette couleurs<\/h2>\n\n\n\n<div class=\"wp-block-group has-global-padding is-layout-constrained wp-container-23\">\n<div class=\"wp-block-columns are-vertically-aligned-center is-not-stacked-on-mobile is-layout-flex wp-container-22\">\n<div class=\"wp-block-column is-layout-flow\">\n<p>OPEO<\/p>\n<\/div>\n<\/div>\n<\/div>\n<\/div>\n<\/div>\n<\/div>\n<\/div>\n\n\n\n<div class=\"wp-block-columns alignwide are-vertically-aligned-center is-layout-flex wp-container-30\" style=\"margin-top:0;margin-bottom:0;padding-top:var(--wp--preset--spacing--70);padding-bottom:var(--wp--preset--spacing--70)\">\n<div class=\"wp-block-column is-vertically-aligned-center is-layout-flow wp-container-28\">\n<h5 class=\"wp-block-heading has-small-font-size lemmony-animation\" style=\"font-style:normal;font-weight:600;line-height:1.6;--lemmony-animation-name:lemmonyFadeInUp\">2023<\/h5>\n\n\n\n<h2 class=\"wp-block-heading has-large-plus-font-size lemmony-animation\" style=\"margin-top:var(--wp--preset--spacing--10);line-height:1.3;--lemmony-animation-name:lemmonyFadeInUp\">Newletter<\/h2>\n\n\n\n<p class=\"has-small-plus-font-size lemmony-animation\" style=\"--lemmony-animation-name:lemmonyFadeInUp\">ECV<\/p>\n<\/div>\n\n\n\n<div class=\"wp-block-column is-vertically-aligned-center is-layout-flow\" style=\"flex-basis:50%\">\n<figure class=\"wp-block-image size-large\"><img decoding=\"async\" loading=\"lazy\" width=\"1024\" height=\"576\" src=\"https:\/\/emmanuellehusson.com\/wp-content\/uploads\/2023\/07\/Slide-15-1024x576.png\" alt=\"\" class=\"wp-image-211\" srcset=\"https:\/\/emmanuellehusson.com\/wp-content\/uploads\/2023\/07\/Slide-15-1024x576.png 1024w, https:\/\/emmanuellehusson.com\/wp-content\/uploads\/2023\/07\/Slide-15-300x169.png 300w, https:\/\/emmanuellehusson.com\/wp-content\/uploads\/2023\/07\/Slide-15-768x432.png 768w, https:\/\/emmanuellehusson.com\/wp-content\/uploads\/2023\/07\/Slide-15-1536x864.png 1536w, https:\/\/emmanuellehusson.com\/wp-content\/uploads\/2023\/07\/Slide-15.png 1920w\" sizes=\"(max-width: 1024px) 100vw, 1024px\" \/><\/figure>\n<\/div>\n<\/div>\n\n\n\n<div class=\"wp-block-columns alignwide are-vertically-aligned-center is-layout-flex wp-container-38\" style=\"margin-top:0;margin-bottom:0;padding-top:var(--wp--preset--spacing--70);padding-bottom:var(--wp--preset--spacing--70)\">\n<div class=\"wp-block-column is-vertically-aligned-center is-layout-flow\" style=\"padding-top:0;padding-right:0;padding-bottom:0;padding-left:0;flex-basis:50%\">\n<figure class=\"wp-block-image size-large\"><img decoding=\"async\" loading=\"lazy\" width=\"1024\" height=\"372\" src=\"https:\/\/emmanuellehusson.com\/wp-content\/uploads\/2023\/08\/Capture-decran-2023-08-17-a-19.52.02-1024x372.png\" alt=\"\" class=\"wp-image-368\" srcset=\"https:\/\/emmanuellehusson.com\/wp-content\/uploads\/2023\/08\/Capture-decran-2023-08-17-a-19.52.02-1024x372.png 1024w, https:\/\/emmanuellehusson.com\/wp-content\/uploads\/2023\/08\/Capture-decran-2023-08-17-a-19.52.02-300x109.png 300w, https:\/\/emmanuellehusson.com\/wp-content\/uploads\/2023\/08\/Capture-decran-2023-08-17-a-19.52.02-768x279.png 768w, https:\/\/emmanuellehusson.com\/wp-content\/uploads\/2023\/08\/Capture-decran-2023-08-17-a-19.52.02-1536x559.png 1536w, https:\/\/emmanuellehusson.com\/wp-content\/uploads\/2023\/08\/Capture-decran-2023-08-17-a-19.52.02-2048x745.png 2048w\" sizes=\"(max-width: 1024px) 100vw, 1024px\" \/><\/figure>\n<\/div>\n\n\n\n<div class=\"wp-block-column is-vertically-aligned-center is-layout-flow\">\n<div class=\"wp-block-columns is-layout-flex wp-container-36\">\n<div class=\"wp-block-column is-layout-flow wp-container-35\">\n<h5 class=\"wp-block-heading has-small-font-size\" style=\"font-style:normal;font-weight:600;line-height:1.6\">2023<\/h5>\n\n\n\n<h2 class=\"wp-block-heading has-large-plus-font-size lemmony-animation\" style=\"margin-top:var(--wp--preset--spacing--10);line-height:1.3;--lemmony-animation-name:lemmonyFadeInUp\">Extraits de maquettes UI suite \u00e0 une r\u00e9flexion UX pouss\u00e9e (Sprints)<\/h2>\n\n\n\n<div class=\"wp-block-group has-global-padding is-layout-constrained wp-container-34\">\n<div class=\"wp-block-columns are-vertically-aligned-center is-not-stacked-on-mobile is-layout-flex wp-container-33\">\n<div class=\"wp-block-column is-layout-flow\">\n<p>ECV<\/p>\n<\/div>\n<\/div>\n<\/div>\n<\/div>\n<\/div>\n<\/div>\n<\/div>\n","protected":false},"excerpt":{"rendered":"<p>2017 Douceur Th\u00e9 DIX 2019 Dashboard London ESD 2023 Overview Livre Blanc ECV 2023 Exercice Auto-Layout, Composants, Palette couleurs OPEO 2023 Newletter ECV 2023 Extraits de maquettes UI suite \u00e0 une r\u00e9flexion UX pouss\u00e9e (Sprints) ECV<\/p>\n","protected":false},"author":1,"featured_media":0,"parent":0,"menu_order":0,"comment_status":"closed","ping_status":"closed","template":"","meta":[],"_links":{"self":[{"href":"https:\/\/emmanuellehusson.com\/index.php\/wp-json\/wp\/v2\/pages\/138"}],"collection":[{"href":"https:\/\/emmanuellehusson.com\/index.php\/wp-json\/wp\/v2\/pages"}],"about":[{"href":"https:\/\/emmanuellehusson.com\/index.php\/wp-json\/wp\/v2\/types\/page"}],"author":[{"embeddable":true,"href":"https:\/\/emmanuellehusson.com\/index.php\/wp-json\/wp\/v2\/users\/1"}],"replies":[{"embeddable":true,"href":"https:\/\/emmanuellehusson.com\/index.php\/wp-json\/wp\/v2\/comments?post=138"}],"version-history":[{"count":11,"href":"https:\/\/emmanuellehusson.com\/index.php\/wp-json\/wp\/v2\/pages\/138\/revisions"}],"predecessor-version":[{"id":369,"href":"https:\/\/emmanuellehusson.com\/index.php\/wp-json\/wp\/v2\/pages\/138\/revisions\/369"}],"wp:attachment":[{"href":"https:\/\/emmanuellehusson.com\/index.php\/wp-json\/wp\/v2\/media?parent=138"}],"curies":[{"name":"wp","href":"https:\/\/api.w.org\/{rel}","templated":true}]}}